{"id":20,"date":"2016-04-25T11:57:25","date_gmt":"2016-04-25T09:57:25","guid":{"rendered":"http:\/\/192.168.18.10\/?page_id=20"},"modified":"2016-04-25T11:57:25","modified_gmt":"2016-04-25T09:57:25","slug":"opptakutsett","status":"publish","type":"page","link":"https:\/\/www.gbf.no\/?page_id=20","title":{"rendered":"OPPTAK\/UTSETT"},"content":{"rendered":"<p><strong>B\u00e5t Utsett<\/strong><br \/>\nF\u00f8rste L\u00f8rdag etter 1. Mai<\/p>\n<p><strong>B\u00e5t Opptak<\/strong><br \/>\nSiste L\u00f8rdag i September<\/p>\n","protected":false},"excerpt":{"rendered":"<p>B\u00e5t Utsett F\u00f8rste L\u00f8rdag etter 1. Mai B\u00e5t Opptak Siste L\u00f8rdag i September<\/p>\n","protected":false},"author":3,"featured_media":0,"parent":0,"menu_order":0,"comment_status":"closed","ping_status":"closed","template":"onecolumn-page.php","meta":{"footnotes":""},"class_list":["post-20","page","type-page","status-publish","hentry"],"_links":{"self":[{"href":"https:\/\/www.gbf.no\/index.php?rest_route=\/wp\/v2\/pages\/20","targetHints":{"allow":["GET"]}}],"collection":[{"href":"https:\/\/www.gbf.no\/index.php?rest_route=\/wp\/v2\/pages"}],"about":[{"href":"https:\/\/www.gbf.no\/index.php?rest_route=\/wp\/v2\/types\/page"}],"author":[{"embeddable":true,"href":"https:\/\/www.gbf.no\/index.php?rest_route=\/wp\/v2\/users\/3"}],"replies":[{"embeddable":true,"href":"https:\/\/www.gbf.no\/index.php?rest_route=%2Fwp%2Fv2%2Fcomments&post=20"}],"version-history":[{"count":1,"href":"https:\/\/www.gbf.no\/index.php?rest_route=\/wp\/v2\/pages\/20\/revisions"}],"predecessor-version":[{"id":22,"href":"https:\/\/www.gbf.no\/index.php?rest_route=\/wp\/v2\/pages\/20\/revisions\/22"}],"wp:attachment":[{"href":"https:\/\/www.gbf.no\/index.php?rest_route=%2Fwp%2Fv2%2Fmedia&parent=20"}],"curies":[{"name":"wp","href":"https:\/\/api.w.org\/{rel}","templated":true}]}}