{"id":12,"date":"2016-04-11T16:38:17","date_gmt":"2016-04-11T14:38:17","guid":{"rendered":"http:\/\/192.168.18.10\/?page_id=12"},"modified":"2026-03-25T00:16:52","modified_gmt":"2026-03-24T23:16:52","slug":"aktivitet","status":"publish","type":"page","link":"https:\/\/www.gbf.no\/","title":{"rendered":"AKTIVITET"},"content":{"rendered":"<p>V\u00e5ren 2026<\/p>\n<p>Utsett av b\u00e5ter:<br \/>\nL\u00f8rdag 2 mai med oppm\u00f8te 08.00.<\/p>\n<p>&#8212;&#8212;&#8212;&#8212;&#8212;&#8212;&#8212;&#8212;&#8212;&#8212;&#8212;&#8212;&#8212;-<\/p>\n<p>Vi vil presisere at b\u00e5tplass og n\u00f8kkel kun skal brukes av de som har f\u00e5tt<br \/>\ntildelt b\u00e5tplass, jfr. havnereglementet<\/p>\n<p>MED \u00d8NSKE OM EN GOD B\u00c5TSESONG.<\/p>\n<p>Styret<br \/>\nGBF<\/p>\n","protected":false},"excerpt":{"rendered":"<p>V\u00e5ren 2026 Utsett av b\u00e5ter: L\u00f8rdag 2 mai med oppm\u00f8te 08.00. &#8212;&#8212;&#8212;&#8212;&#8212;&#8212;&#8212;&#8212;&#8212;&#8212;&#8212;&#8212;&#8212;- Vi vil presisere at b\u00e5tplass og n\u00f8kkel kun skal brukes av de som har f\u00e5tt tildelt b\u00e5tplass, jfr. havnereglementet MED \u00d8NSKE OM EN GOD B\u00c5TSESONG. Styret GBF<\/p>\n","protected":false},"author":3,"featured_media":0,"parent":0,"menu_order":0,"comment_status":"closed","ping_status":"closed","template":"onecolumn-page.php","meta":{"footnotes":""},"class_list":["post-12","page","type-page","status-publish","hentry"],"_links":{"self":[{"href":"https:\/\/www.gbf.no\/index.php?rest_route=\/wp\/v2\/pages\/12","targetHints":{"allow":["GET"]}}],"collection":[{"href":"https:\/\/www.gbf.no\/index.php?rest_route=\/wp\/v2\/pages"}],"about":[{"href":"https:\/\/www.gbf.no\/index.php?rest_route=\/wp\/v2\/types\/page"}],"author":[{"embeddable":true,"href":"https:\/\/www.gbf.no\/index.php?rest_route=\/wp\/v2\/users\/3"}],"replies":[{"embeddable":true,"href":"https:\/\/www.gbf.no\/index.php?rest_route=%2Fwp%2Fv2%2Fcomments&post=12"}],"version-history":[{"count":15,"href":"https:\/\/www.gbf.no\/index.php?rest_route=\/wp\/v2\/pages\/12\/revisions"}],"predecessor-version":[{"id":225,"href":"https:\/\/www.gbf.no\/index.php?rest_route=\/wp\/v2\/pages\/12\/revisions\/225"}],"wp:attachment":[{"href":"https:\/\/www.gbf.no\/index.php?rest_route=%2Fwp%2Fv2%2Fmedia&parent=12"}],"curies":[{"name":"wp","href":"https:\/\/api.w.org\/{rel}","templated":true}]}}